{"id":1658,"date":"2013-05-17T15:35:32","date_gmt":"2013-05-17T15:35:32","guid":{"rendered":"http:\/\/www.b-light.it\/beta\/azienda\/rete-distribuitva\/"},"modified":"2026-02-23T10:47:24","modified_gmt":"2026-02-23T09:47:24","slug":"sales-network","status":"publish","type":"page","link":"https:\/\/www.b-light.it\/en\/sales-network\/","title":{"rendered":"Sales network"},"content":{"rendered":"<p>Our\u00a0goal is to provide outstanding customer service. Please\u00a0contact us for any product enquiries, sales information or project support. If you want to purchase our products, please\u00a0find below the nearest\u00a0B LIGHT authorised partner.<\/p>\n<p>&nbsp;<\/p>\n<details>\n<summary><strong>B LIGHT NORTH AMERICA &#8211; Stamford CT <\/strong><\/summary>\n<p>LIGHTING GROUP NETWORK<br \/>\n205 Greenwich Avenue<br \/>\nCT 06902<br \/>\ntel: 212 775 6363<br \/>\nemail: info@lightinggroupnetwork.com<br \/>\nweb: www.lightinggroupnetwork.com<\/p>\n<\/details>\n<details>\n<summary><strong>USA &#8211; New York NY<\/strong><\/summary>\n<p>LITES ON WEST<br \/>\n245 West 29th Street, 6th Floor<br \/>\nNew York, NY 10001<br \/>\ntel: 212 775 6363<br \/>\nemail: info@litesonwest.com<br \/>\nweb: www.litesonwest.com<\/p>\n<\/details>\n<details>\n<summary><strong>USA &#8211; San Francisco CA<\/strong><\/summary>\n<p>ARCHETYPE LIGHTING<br \/>\n375 Portrero Ave, Suite 4<br \/>\nSan Francisco, CA 94103<br \/>\ntel: 888 229 9030<br \/>\nemail: john@archetypelighting.com<br \/>\nweb: www.archetypelighting.com<\/p>\n<\/details>\n<details>\n<summary><strong>USA &#8211; Representative Southern California<\/strong><\/summary>\n<p>LIGHT-CA<br \/>\n2421 W. 205th Street | Suite D107<br \/>\nTorrance, CA 90501<br \/>\ntel: p. 310.798.0992 | f. 310.798.3544<br \/>\nemail: jschanta@light-ca.com<br \/>\nweb: www.light-ca.com<\/p>\n<\/details>\n<details>\n<summary><strong>USA &#8211; Colorado, New Mexico, West Texas (El Paso, Hudspeth, Culberson, Jeff Davis, Presidio, Reeves, Pecos, Terrell, Brewster)<\/strong><\/summary>\n<p>VISUAL INTEREST<br \/>\n3444 Brighton Blvd<br \/>\nDenver, CO 80216<br \/>\ntel: 303 861 8448<br \/>\nemail: scott@visualinterest.com<br \/>\nweb: www.visualinterest.com<\/p>\n<\/details>\n<details>\n<summary><strong>USA &#8211; Oklahoma, Arkansas, Louisiana, Mississippi, Alabama, Tennessee, Texas (excluding El Paso, Hudspeth, Culberson, Jeff Davis, Presidio, Reeves, Pecos, Terrell, Brewster)<\/strong><\/summary>\n<p>BELL &amp; MCCOY<br \/>\n7210 North Loop East<br \/>\nHouston, TX 77028<br \/>\ntel: 713-223-4146<br \/>\nemail: rduncan@bellandmccoy.com<br \/>\nweb: www.bellandmccoy.com<\/p>\n<\/details>\n<details>\n<summary><strong>USA &#8211; Chicago IL<\/strong><\/summary>\n<p>THE COSINE<br \/>\nMatt Schroeder<br \/>\ntel: 847 337 6678<br \/>\nemail: matt@thecosine.com<br \/>\nweb: www.thecosine.com<\/p>\n<\/details>\n<details>\n<summary><strong>USA &#8211; Pennsylvania, Delaware, New Jersey<\/strong><\/summary>\n<p>ILLUMINATIONS, Inc<br \/>\n1157 Phoenixville Pike, Suite 105,<br \/>\nWest Chester, PA 19380<br \/>\nBilly Hodges<br \/>\ntel: 610-325-2220<br \/>\nweb: www.illuminationsinc.com<\/p>\n<\/details>\n<details>\n<summary><strong>USA &#8211; Raleigh NC<\/strong><\/summary>\n<p>TERESA TEACHEY ASSOCIATES<br \/>\n319 Genoe&#8217;s Point Rd SW<br \/>\nSupply, NC 28462<br \/>\ntel: 919 235 7395<br \/>\nemail: tteacheyassoc@gmail.com<br \/>\nweb: www.lightingfortoday.com<\/p>\n<\/details>\n<details open=\"open\">\n<summary><strong>USA &#8211; Scottsdale AZ<\/strong><\/summary>\n<p>BELL AND MCCOY<br \/>\n15550 N. 84th St.<br \/>\nScottsdale, AZ 85260<br \/>\ntel: 480 368-9909<br \/>\nweb: www.bellandmccoy.com<\/p>\n<\/details>\n<details>\n<summary><strong>USA &#8211; Lexington KY<\/strong><\/summary>\n<p>JPS Inc<br \/>\n732 East High St<br \/>\nunit c<br \/>\nLexington, KY 40502<br \/>\nemail: Edward Patsey ed@jpsinc.net<br \/>\nweb: www.jpsinc.net<\/p>\n<\/details>\n<details>\n<summary><strong>USA &#8211; Miami FL <\/strong><\/summary>\n<p>INFINITY ARCHITECTURAL LIGHTING<br \/>\n2900 Glades Circle, Suite 400<br \/>\nWeston, FL 33327<br \/>\ntel: 954 618 1028<br \/>\nemail: info@infinityal.com<br \/>\nweb: www.infinityal.com<\/p>\n<\/details>\n<details>\n<summary><strong>USA &#8211; Orlando FL<\/strong><\/summary>\n<p>RIPPLE ASSOCIATES<br \/>\n650 Northlake Blvd. #490<br \/>\nAltamonte Springs, FL 32701<br \/>\ntel: 407 365 6778<br \/>\nemail: sales@rippleassociates.com<br \/>\nweb: rippleassociates.com<\/p>\n<\/details>\n<details>\n<summary><strong>USA &#8211; Atlanta GA<\/strong><\/summary>\n<p>NEXT GENERATION LIGHTING<br \/>\n1005 Alderman Dr., Suite 205<br \/>\nAlpharetta, GA 30005<br \/>\ntel: 404 902 6398<br \/>\nemail: quotes@nextgenltg.com<br \/>\nweb: www.nextgenltg.com<\/p>\n<\/details>\n<details>\n<summary><strong>USA &#8211; Savannah GA<\/strong><\/summary>\n<p>NEXT GENERATION SOUTH &#8211; ALESCO<br \/>\n115 Cone Street<br \/>\nStatesboro, GA 30458<br \/>\ntel: 912 489 5471<br \/>\nemail: quotations@alesco.us<br \/>\nweb: www.alesco.us<\/p>\n<\/details>\n<details>\n<summary><strong>USA &#8211; Baltimore &amp; DC<\/strong><\/summary>\n<p>POTOMAC LIGHTING<br \/>\nSue Noble 17858 4th St.<br \/>\nTall Timbers, MD 20690<br \/>\ntel: 703 551 4849<br \/>\nmobile: 703 966 0666<br \/>\nemail: Sue@potomaclighting.com<br \/>\nweb: www.potomaclighting.com\/<\/p>\n<\/details>\n<details>\n<summary><strong>USA &#8211; Portland OR<\/strong><\/summary>\n<p>LIT LIGHTING &amp; CONTROLS<br \/>\n18007 NE 159th Ave.<br \/>\nBrush Prairie, WA 98606<br \/>\ntel: 360 853 0569<br \/>\nweb: litllc.net<\/p>\n<\/details>\n<details>\n<summary><strong>USA &#8211; Distributor Los Angeles CA<\/strong><\/summary>\n<p>LIGHT<br \/>\n2421 W. 205th Street | Suite D107<br \/>\nTorrance, CA 90501<br \/>\ntel: 310.798.0992 x109<br \/>\nemail: quotes@light-ca.com<br \/>\nweb: light-ca.com<\/p>\n<\/details>\n<details>\n<summary><strong>USA &#8211; New England States<\/strong><\/summary>\n<p>BOSTON ILLUMINATION GROUP<br \/>\n4 Mechanic St., Suite 208<br \/>\nNatick, MA 01760<br \/>\ntel: 508 653-2144<br \/>\nweb: www.bigconnect.com<\/p>\n<\/details>\n<details>\n<summary><strong>Canada &#8211; Toronto ON<\/strong><\/summary>\n<p>DARK TOOLS<br \/>\n750 Lake Shore Blvd East, Unit 2<br \/>\nToronto, ON 33322<br \/>\ntel: 647 725 3275<br \/>\nemail: glenn@darktools.ca<br \/>\nweb: www.darktools.ca<\/p>\n<\/details>\n<details>\n<summary><strong>Canada &#8211; Quebec QC<\/strong><\/summary>\n<p>DARK TOOLS<br \/>\n750 Lake Shore Blvd East, Unit 2<br \/>\nToronto, ON 33322<br \/>\ntel: 647 725 3275<br \/>\nemail: glenn@darktools.ca<br \/>\nweb: www.darktools.ca<\/p>\n<\/details>\n<details>\n<summary><strong>Canada &#8211; Halifax, Nova Scotia<\/strong><\/summary>\n<p>S&amp;D LIGHTING GROUP<br \/>\n3 Kingswood Drive Unit 103,<br \/>\nHammonds Plains, NS B4B 0P3<br \/>\ntel: 902-835-1532<br \/>\nweb: www.sdlightinggroup.ca\/<\/p>\n<\/details>\n<details>\n<summary><strong>Canada &#8211; St. John&#8217;s, NL<\/strong><\/summary>\n<p>VIGILANT TECHNICAL SALES<br \/>\n28 Symonds Ave, St. Johns, NL<br \/>\nA1E 5B1, Canada<br \/>\ntel: 709.753.6685<br \/>\nemail: matt@vigilanttechnicalsales.ca<br \/>\nweb: www.vigilanttechnicalsales.ca<\/p>\n<\/details>\n<details>\n<summary><strong>Mexico<\/strong><\/summary>\n<p>LIGHT HOUSE<br \/>\nAv. Revoluci\u00f3n 1225, Suite 532<br \/>\nLos Alpes, \u00c1lvaro Obreg\u00f3n<br \/>\n01010 Mexico City, CDMX<br \/>\nMexico<br \/>\ntel: +52.55.2976.0466<br \/>\ntel: +52.55.1745.1629<br \/>\nemail: rsm@lighthousereps.com<br \/>\nweb: www.lighthousereps.com<\/p>\n<\/details>\n<details>\n<summary><strong>France<\/strong><\/summary>\n<p>MAWA SAS<br \/>\nEspace Coralia &#8211; Batiment B<br \/>\n424, rue de Lisbonne<br \/>\n83500 La Seyne-sur-Mer<br \/>\ntel: +33 (0)4 94 24 64 56<br \/>\nemail: contact@mawa.fr<br \/>\nweb: www.mawa.fr<\/p>\n<\/details>\n<details>\n<summary><strong>Portugal<\/strong><\/summary>\n<p>OHM<br \/>\nAv. de Fran\u00e7a &#8211; 1297 Loja N\u00ba1, 4760 \u2013 104 V.N. Famalic\u00e3o<br \/>\nBraga &#8211; Portugal<br \/>\ntel: +351 252 376 517<br \/>\nemail: marisa.silva@ohm-light.com<br \/>\nweb: www.ohm-light.com<\/p>\n<\/details>\n<details>\n<summary><strong>Belgium<\/strong><\/summary>\n<p>BULB14<br \/>\nKanunnik Peetersstraat 177<br \/>\n2600 Berchem<br \/>\ntel: +32 (0) 470\/57 60 14<br \/>\nemail: info@bulb14.be<br \/>\nweb: www.bulb14.be<\/p>\n<\/details>\n<details>\n<summary><strong>The Netherlands<\/strong><\/summary>\n<p>TOTALLUX<br \/>\nAnnie M.G Schmidtweg 227\u2011229,<br \/>\n1321 NA, Almere, The Netherlands<br \/>\ntel: + 31 (0)36-5291756<br \/>\nemail: info@totallux.nl<br \/>\nweb: www.totallux.nl<\/p>\n<\/details>\n<details>\n<summary><strong>Switzerland &#8211; Zurich<\/strong><\/summary>\n<p>RS LICHT NACH MASS AG<br \/>\nRietwiesstrasse 20<br \/>\n8810 Horgen<br \/>\ntel: +41 44 500 95 20<br \/>\nemail: info@rs-lichtnachmass.ch<br \/>\nweb: www.rs-lichtnachmass.ch<\/p>\n<\/details>\n<details>\n<summary><strong>Switzerland &#8211; Lugano<\/strong><\/summary>\n<p>LUCE MANIA<br \/>\nVia Bagutti, 26<br \/>\n6900 Lugano<br \/>\ntel: +41 91 971 33 44<br \/>\nemail: info@lucemania.ch<br \/>\nweb: www.lucemania.ch<\/p>\n<\/details>\n<details>\n<summary><strong>Switzerland &#8211; Gen\u00e8ve<\/strong><\/summary>\n<p>H2LIGHT<br \/>\nAvenue de la Praille, 45<br \/>\n1227 Gen\u00e8ve<br \/>\ntel: +41 22 342 04 22<br \/>\nemail: info@h2light.ch<br \/>\nweb: www.h2light.ch<\/p>\n<\/details>\n<details>\n<summary><strong>Austria<\/strong><\/summary>\n<p>LUTENA LIGHT VISION<br \/>\nNiederlassung Nord West<br \/>\nEiferding 4, 5120 St. Pantaleon (N\u00e4he Salzburg)<br \/>\ntel: +43 664 3248967<br \/>\nemail: c.trifich@lutena.at<br \/>\nemail: maierhofer@lutena.at<br \/>\nweb: www.lutena.at<\/p>\n<\/details>\n<details>\n<summary><strong>Norway<\/strong><\/summary>\n<p>CONCEPT DESIGN<br \/>\nPilestredet 75c<br \/>\n0354 Oslo, Norway<br \/>\ntel: +47 22 6 13 10<br \/>\nemail: post@conceptdesign.no<br \/>\nweb: www.conceptdesign.no<\/p>\n<\/details>\n<details>\n<summary><strong>Italy &#8211; General agency<\/strong><\/summary>\n<p>Via L. Galvani 6<br \/>\n33083 Villotta di Chions (PN) ITALY<br \/>\ntel: +39 0434 630835<br \/>\nemail: info@b-light.it<br \/>\nweb: www.b-light.it<\/p>\n<\/details>\n<details>\n<summary><strong>Italy &#8211; Piedmont, Liguria, Aosta Valley<\/strong><\/summary>\n<p>EMANUELE FLORIO<br \/>\nVia Trieste, 15<br \/>\n13855 Valdengo (BI) ITALY<br \/>\ntel: +39 335 7063903<br \/>\nemail: flolightcons@gmail.com<\/p>\n<\/details>\n<details>\n<summary><strong>Middle East<\/strong><\/summary>\n<p>SPECLIGHT ASSOCIATES<br \/>\nP.O.Box 51109, Dubai<br \/>\ntel: +971 4 431 6465<br \/>\nemail: info@speclightassociates.com<br \/>\nweb: speclightassociates.com<\/p>\n<\/details>\n<details>\n<summary><strong>Singapore<\/strong><\/summary>\n<p>ELLISON LUMINAIRE Pte Ltd<br \/>\nUnit No. #03-12 No.7 ARK,<br \/>\nGambas Crecent, Singapore 757087<br \/>\nTel: +65 69096309, Fax : +65 69096308<br \/>\nEmail: ellisonluminaire@gmail.com<\/p>\n<\/details>\n<details>\n<summary><strong> Australia &#8211; Sydney<\/strong><\/summary>\n<p>ARKLED Pty Ltd<br \/>\n315 Albert St,<br \/>\nBrunswick 3056 VIC<br \/>\ntel: +61 4 0255 3524<br \/>\nemail: romain@arkled.com.au<br \/>\nweb: www.arkled.com.au<\/p>\n<\/details>\n<details>\n<summary><strong>Turkey &#8211; Istanbul<\/strong><\/summary>\n<p>KAPTAN DENIZCILIK Tic. A.S.<br \/>\nK\u00fc\u00e7\u00fckyal\u0131 \u0130\u015f Merkezi Girne Mahallesi Irmaklar Sokak A Blok No:14<br \/>\n34852 Maltepe, Turkey<br \/>\ntel: +902164899597<br \/>\nemail: info@kaptandenizcilik.com<br \/>\nweb: www.kaptandenizcilik.com<\/p>\n<\/details>\n","protected":false},"excerpt":{"rendered":"<p>Our\u00a0goal is to provide outstanding customer service. Please\u00a0contact us for any product enquiries, sales information or project support. If you want to purchase our products, please\u00a0find below the nearest\u00a0B LIGHT authorised partner. &nbsp; B LIGHT NORTH AMERICA &#8211; Stamford CT &hellip; <a href=\"https:\/\/www.b-light.it\/en\/sales-network\/\">Continued<\/a><\/p>\n","protected":false},"author":2,"featured_media":0,"parent":0,"menu_order":14,"comment_status":"closed","ping_status":"closed","template":"","meta":[],"yoast_head":"<!-- This site is optimized with the Yoast SEO plugin v19.9 - https:\/\/yoast.com\/wordpress\/plugins\/seo\/ -->\n<title>Sales network - B Light<\/title>\n<meta name=\"robots\" content=\"index, follow, max-snippet:-1, max-image-preview:large, max-video-preview:-1\" \/>\n<link rel=\"canonical\" href=\"https:\/\/www.b-light.it\/en\/sales-network\/\" \/>\n<meta property=\"og:locale\" content=\"en_US\" \/>\n<meta property=\"og:type\" content=\"article\" \/>\n<meta property=\"og:title\" content=\"Sales network - B Light\" \/>\n<meta property=\"og:description\" content=\"Our\u00a0goal is to provide outstanding customer service. Please\u00a0contact us for any product enquiries, sales information or project support. If you want to purchase our products, please\u00a0find below the nearest\u00a0B LIGHT authorised partner. &nbsp; B LIGHT NORTH AMERICA &#8211; Stamford CT &hellip; Continued\" \/>\n<meta property=\"og:url\" content=\"https:\/\/www.b-light.it\/en\/sales-network\/\" \/>\n<meta property=\"og:site_name\" content=\"B Light\" \/>\n<meta property=\"article:modified_time\" content=\"2026-02-23T09:47:24+00:00\" \/>\n<meta name=\"twitter:label1\" content=\"Est. reading time\" \/>\n\t<meta name=\"twitter:data1\" content=\"5 minutes\" \/>\n<script type=\"application\/ld+json\" class=\"yoast-schema-graph\">{\"@context\":\"https:\/\/schema.org\",\"@graph\":[{\"@type\":\"WebPage\",\"@id\":\"https:\/\/www.b-light.it\/en\/sales-network\/\",\"url\":\"https:\/\/www.b-light.it\/en\/sales-network\/\",\"name\":\"Sales network - B Light\",\"isPartOf\":{\"@id\":\"https:\/\/www.b-light.it\/#website\"},\"datePublished\":\"2013-05-17T15:35:32+00:00\",\"dateModified\":\"2026-02-23T09:47:24+00:00\",\"inLanguage\":\"en-UK\",\"potentialAction\":[{\"@type\":\"ReadAction\",\"target\":[\"https:\/\/www.b-light.it\/en\/sales-network\/\"]}]},{\"@type\":\"WebSite\",\"@id\":\"https:\/\/www.b-light.it\/#website\",\"url\":\"https:\/\/www.b-light.it\/\",\"name\":\"B Light\",\"description\":\"Led Technology\",\"potentialAction\":[{\"@type\":\"SearchAction\",\"target\":{\"@type\":\"EntryPoint\",\"urlTemplate\":\"https:\/\/www.b-light.it\/?s={search_term_string}\"},\"query-input\":\"required name=search_term_string\"}],\"inLanguage\":\"en-UK\"}]}<\/script>\n<!-- \/ Yoast SEO plugin. -->","yoast_head_json":{"title":"Sales network - B Light","robots":{"index":"index","follow":"follow","max-snippet":"max-snippet:-1","max-image-preview":"max-image-preview:large","max-video-preview":"max-video-preview:-1"},"canonical":"https:\/\/www.b-light.it\/en\/sales-network\/","og_locale":"en_US","og_type":"article","og_title":"Sales network - B Light","og_description":"Our\u00a0goal is to provide outstanding customer service. Please\u00a0contact us for any product enquiries, sales information or project support. If you want to purchase our products, please\u00a0find below the nearest\u00a0B LIGHT authorised partner. &nbsp; B LIGHT NORTH AMERICA &#8211; Stamford CT &hellip; Continued","og_url":"https:\/\/www.b-light.it\/en\/sales-network\/","og_site_name":"B Light","article_modified_time":"2026-02-23T09:47:24+00:00","twitter_misc":{"Est. reading time":"5 minutes"},"schema":{"@context":"https:\/\/schema.org","@graph":[{"@type":"WebPage","@id":"https:\/\/www.b-light.it\/en\/sales-network\/","url":"https:\/\/www.b-light.it\/en\/sales-network\/","name":"Sales network - B Light","isPartOf":{"@id":"https:\/\/www.b-light.it\/#website"},"datePublished":"2013-05-17T15:35:32+00:00","dateModified":"2026-02-23T09:47:24+00:00","inLanguage":"en-UK","potentialAction":[{"@type":"ReadAction","target":["https:\/\/www.b-light.it\/en\/sales-network\/"]}]},{"@type":"WebSite","@id":"https:\/\/www.b-light.it\/#website","url":"https:\/\/www.b-light.it\/","name":"B Light","description":"Led Technology","potentialAction":[{"@type":"SearchAction","target":{"@type":"EntryPoint","urlTemplate":"https:\/\/www.b-light.it\/?s={search_term_string}"},"query-input":"required name=search_term_string"}],"inLanguage":"en-UK"}]}},"_links":{"self":[{"href":"https:\/\/www.b-light.it\/en\/wp-json\/wp\/v2\/pages\/1658"}],"collection":[{"href":"https:\/\/www.b-light.it\/en\/wp-json\/wp\/v2\/pages"}],"about":[{"href":"https:\/\/www.b-light.it\/en\/wp-json\/wp\/v2\/types\/page"}],"author":[{"embeddable":true,"href":"https:\/\/www.b-light.it\/en\/wp-json\/wp\/v2\/users\/2"}],"replies":[{"embeddable":true,"href":"https:\/\/www.b-light.it\/en\/wp-json\/wp\/v2\/comments?post=1658"}],"version-history":[{"count":0,"href":"https:\/\/www.b-light.it\/en\/wp-json\/wp\/v2\/pages\/1658\/revisions"}],"wp:attachment":[{"href":"https:\/\/www.b-light.it\/en\/wp-json\/wp\/v2\/media?parent=1658"}],"curies":[{"name":"wp","href":"https:\/\/api.w.org\/{rel}","templated":true}]}}